{"id":9,"date":"2013-06-29T08:40:00","date_gmt":"2013-06-29T08:40:00","guid":{"rendered":"http:\/\/svaneklinikken.dk.linux11.curanetserver.dk\/?page_id=9"},"modified":"2026-01-07T08:45:32","modified_gmt":"2026-01-07T07:45:32","slug":"abningstider","status":"publish","type":"page","link":"https:\/\/svaneklinikken.dk\/index.php\/abningstider\/","title":{"rendered":"\u00c5bningstider"},"content":{"rendered":"<div class=\"su-row\">\n<div class=\"su-column su-column-size-2-3\"><div class=\"su-column-inner su-u-clearfix su-u-trim\"><strong>Mandag:<\/strong> 8.00 &#8211; 18.00<br \/>\n<strong>Tirsdag:<\/strong> &nbsp;8.00 &#8211; 18.00<br \/>\n<strong>Onsdag:<\/strong> 8.00 &#8211; 18.00&nbsp; &nbsp;<br \/>\n<strong>Torsdag:<\/strong> &nbsp;8.00 &#8211; 18.00<br \/>\n<strong>Fredag:<\/strong> 8.00 &#8211; 15.00<br \/>\n<strong>L\u00f8rdag:<\/strong> 9.00 &#8211; 15.00<\/p>\n<p>&nbsp;<\/p>\n<p>&nbsp;<\/p>\n<p>&nbsp;<\/p>\n<p>Telefonen er \u00e5ben i hele vores \u00e5bningstid. Hvis vi ikke har mulighed for at besvare dit opkald, er du velkommen til at l\u00e6gge en besked, sende en e-mail eller kontakte os via kontaktformularen (findes under kontakt). Vi bestr\u00e6ber os p\u00e5 at besvare alle henvendelser samme dag.<\/p>\n<p>Husk at du ogs\u00e5 kan booke tid online, klik <a href=\"https:\/\/webbooking.dentalsuite.dk\/Patient\/Login\">her.<\/a><\/p>\n<\/div><\/div>\n<div class=\"su-column su-column-size-1-32\"><div class=\"su-column-inner su-u-clearfix su-u-trim\"> <\/div><\/div>\n<\/div>\n<div id=\"gtx-trans\" style=\"position: absolute; left: 656px; top: 87.8px;\">\n<div class=\"gtx-trans-icon\">&nbsp;<\/div>\n<\/div>\n","protected":false},"excerpt":{"rendered":"<p>&nbsp;<\/p>\n","protected":false},"author":3,"featured_media":0,"parent":0,"menu_order":0,"comment_status":"closed","ping_status":"closed","template":"","meta":{"_mi_skip_tracking":false,"ngg_post_thumbnail":0},"_links":{"self":[{"href":"https:\/\/svaneklinikken.dk\/index.php\/wp-json\/wp\/v2\/pages\/9"}],"collection":[{"href":"https:\/\/svaneklinikken.dk\/index.php\/wp-json\/wp\/v2\/pages"}],"about":[{"href":"https:\/\/svaneklinikken.dk\/index.php\/wp-json\/wp\/v2\/types\/page"}],"author":[{"embeddable":true,"href":"https:\/\/svaneklinikken.dk\/index.php\/wp-json\/wp\/v2\/users\/3"}],"replies":[{"embeddable":true,"href":"https:\/\/svaneklinikken.dk\/index.php\/wp-json\/wp\/v2\/comments?post=9"}],"version-history":[{"count":26,"href":"https:\/\/svaneklinikken.dk\/index.php\/wp-json\/wp\/v2\/pages\/9\/revisions"}],"predecessor-version":[{"id":1166,"href":"https:\/\/svaneklinikken.dk\/index.php\/wp-json\/wp\/v2\/pages\/9\/revisions\/1166"}],"wp:attachment":[{"href":"https:\/\/svaneklinikken.dk\/index.php\/wp-json\/wp\/v2\/media?parent=9"}],"curies":[{"name":"wp","href":"https:\/\/api.w.org\/{rel}","templated":true}]}}