{"id":75,"date":"2013-06-29T10:51:32","date_gmt":"2013-06-29T10:51:32","guid":{"rendered":"http:\/\/svaneklinikken.dk.linux11.curanetserver.dk\/?page_id=75"},"modified":"2017-04-19T11:08:18","modified_gmt":"2017-04-19T11:08:18","slug":"implantater-proteser","status":"publish","type":"page","link":"https:\/\/svaneklinikken.dk\/index.php\/behandlinger\/implantater-proteser\/","title":{"rendered":"Implantater &#038; proteser"},"content":{"rendered":"<h2>Implantater<\/h2>\n<p>Hvis du mangler \u00e9n eller flere t\u00e6nder, er det muligt at l\u00f8se problemet med implantater. Et implantat er en kunstig rod, der inds\u00e6ttes i k\u00e6bebenet. Implantatet har form som en lille skrue, og har den fordel at det kan vokse fast i, og blive en integreret del af, k\u00e6ben. Alle kan benytte sig af implantater, b\u00e5de store som sm\u00e5, men det er vigtigt at knoglen, hvorp\u00e5 implantatet skal fasts\u00e6ttes har en vis bredde og h\u00f8jde. Hvis knoglen ikke opfylder kravene kan man benytte knogletransplantation. Det er smertefrit at f\u00e5 p\u00e5sat et implantat, behandlingen foreg\u00e5r i lokalbed\u00f8velse, hvor der bores et hul i k\u00e6beknoglen, hvori implantatet skrues ned.<\/p>\n<h2>Proteser<\/h2>\n<p>Man kan ogs\u00e5 b\u00e5de bruge hel- og delproteser som erstatning for \u00f8delagte t\u00e6nder. Delproteser bruges, hvis man mangler en eller ganske f\u00e5 t\u00e6nder, og helproteser bruges n\u00e5r ingen, eller meget f\u00e5, af de oprindelige t\u00e6nder st\u00e5r til at bevare. Proteserne kan i dag laves, s\u00e5 de ser meget naturtro ud &#8211; ingen beh\u00f8ver at vide, at det ikke er dine egne t\u00e6nder. En tandprotese kan beskrives som en b\u00f8jle, hvorp\u00e5 der er fastgjort kunstige t\u00e6nder. Det kr\u00e6ver lidt \u00f8velse at bruge helprotesen, men det er ikke noget der normalt er et problem, lynhurtigt v\u00e6nner man sig til det.<\/p>\n<p>Selv med kun ganske f\u00e5 t\u00e6nder tilbage, er det muligt at lave en delprotese, som sidder bedre fast end heliportene. S\u00e5 f\u00f8r du beslutter dig for at f\u00e5 hevet de sidste t\u00e6nder ud, er det meget vigtigt, at tandl\u00e6gen unders\u00f8ger, om det er muligt at bevare enkelte t\u00e6nder.<\/p>\n","protected":false},"excerpt":{"rendered":"<p>Implantater Hvis du mangler \u00e9n eller flere t\u00e6nder, er det muligt at l\u00f8se problemet med implantater. Et implantat er en kunstig rod, der inds\u00e6ttes i k\u00e6bebenet. Implantatet har form som en lille skrue, og har den fordel at det kan vokse fast i, og blive en integreret del af, k\u00e6ben. Alle kan benytte sig af [&hellip;]<\/p>\n","protected":false},"author":3,"featured_media":0,"parent":13,"menu_order":0,"comment_status":"closed","ping_status":"closed","template":"","meta":{"_mi_skip_tracking":false,"ngg_post_thumbnail":0},"_links":{"self":[{"href":"https:\/\/svaneklinikken.dk\/index.php\/wp-json\/wp\/v2\/pages\/75"}],"collection":[{"href":"https:\/\/svaneklinikken.dk\/index.php\/wp-json\/wp\/v2\/pages"}],"about":[{"href":"https:\/\/svaneklinikken.dk\/index.php\/wp-json\/wp\/v2\/types\/page"}],"author":[{"embeddable":true,"href":"https:\/\/svaneklinikken.dk\/index.php\/wp-json\/wp\/v2\/users\/3"}],"replies":[{"embeddable":true,"href":"https:\/\/svaneklinikken.dk\/index.php\/wp-json\/wp\/v2\/comments?post=75"}],"version-history":[{"count":5,"href":"https:\/\/svaneklinikken.dk\/index.php\/wp-json\/wp\/v2\/pages\/75\/revisions"}],"predecessor-version":[{"id":747,"href":"https:\/\/svaneklinikken.dk\/index.php\/wp-json\/wp\/v2\/pages\/75\/revisions\/747"}],"up":[{"embeddable":true,"href":"https:\/\/svaneklinikken.dk\/index.php\/wp-json\/wp\/v2\/pages\/13"}],"wp:attachment":[{"href":"https:\/\/svaneklinikken.dk\/index.php\/wp-json\/wp\/v2\/media?parent=75"}],"curies":[{"name":"wp","href":"https:\/\/api.w.org\/{rel}","templated":true}]}}