{"id":7,"date":"2013-06-29T08:39:52","date_gmt":"2013-06-29T08:39:52","guid":{"rendered":"http:\/\/svaneklinikken.dk.linux11.curanetserver.dk\/?page_id=7"},"modified":"2023-06-13T22:38:02","modified_gmt":"2023-06-13T21:38:02","slug":"priser","status":"publish","type":"page","link":"https:\/\/svaneklinikken.dk\/index.php\/priser\/","title":{"rendered":"Priser"},"content":{"rendered":"<div class=\"su-row\">\n<div class=\"su-column su-column-size-2-3\"><div class=\"su-column-inner su-u-clearfix su-u-trim\">\nMange tror fejlagtigt at en tandl\u00e6ge selv bestemmer alle sine tandl\u00e6gepriser.<strong> Der findes en overenskomst som fasts\u00e6tter tandl\u00e6gepriserne p\u00e5 de mest almindelige behandlinger<\/strong>, herunder eftersyn, tandrensning og sm\u00e5 enkeltfladet plastfyldninger i fort\u00e6nder, dermed er tandl\u00e6geprisen p\u00e5 mange ydelser ens i hele Danmark. Hvor der kan v\u00e6re penge at spare, er p\u00e5 de \u201dfrie ydelser\u201d, som implantater, tandkroner, rodbehandlinger osv.<\/p>\n<h2>Studierabat<\/h2>\n<p>Svaneklinikken tilbyder&nbsp;<strong>15 % studierabat<\/strong> p\u00e5 alle frie ydelser til studerende under 30 \u00e5r. Frie ydelser er de behandlinger, som ikke er prisfastsat af sygesikringen. Husk gyldigt studiekort. Der ydes ikke studierabat p\u00e5 behandling med LiteWire\/clearaligner.<\/p>\n<h2>Vores priser er under gennemsnittet<\/h2>\n<p>DR1 Kontant har tidligere udarbejdet en oversigt over Tandl\u00e6gepriserne i Danmark, hvor det viste sig, at vi l\u00e5 under gennemsnittet sammenlignet med andre tandl\u00e6ger.&nbsp;<\/p>\n<h2>F\u00e5 st\u00f8tte fra Sygeforsikring Danmark<\/h2>\n<p>S\u00e5fremt du er medlem af Sygeforsikring Danmark, kan du opn\u00e5 st\u00f8tte til din tandbehandling. Vi er selvf\u00f8lgelig behj\u00e6lpelige med at indberette regningen elektronisk for hurtig ekspedition.<\/p>\n<p><a href=\"http:\/\/www.sygeforsikring.dk\/default.aspx?ID=393\" target=\"_blank\" rel=\"noopener noreferrer\">L\u00e6s mere om st\u00f8tte&nbsp;<\/a><br \/>\n<\/div><\/div>\n<div class=\"su-column su-column-size-1-3\"><div class=\"su-column-inner su-u-clearfix su-u-trim\">\n<\/div><\/div>\n<\/div>\n<h2>Betaling<\/h2>\n<p>Vi tager b\u00e5de imod Dankort, MasterCard, Maestro, Nordea Pay, Visa Elektron, Mobile Pay&nbsp;og kontanter.<\/p>\n<p><script id=\"dentiButton\" buttontype=\"\" buttonstyle=\"\" companyid=\"A032\" src=\"https:\/\/s3-eu-west-1.amazonaws.com\/leaddoubler\/customerfiles\/Denti\/denti.js\"><\/script><\/p>\n<h2>Se priser og priseksempler<\/h2>\n\n<table id=\"wp-table-reloaded-id-2-no-1\" class=\"wp-table-reloaded wp-table-reloaded-id-2\">\n<thead>\n\t<tr class=\"row-1 odd\">\n\t\t<th class=\"column-1\"><h2>Ydelse<\/h2><\/th><th class=\"column-2\"><h2>Pris<\/h2><\/th>\n\t<\/tr>\n<\/thead>\n<tbody>\n\t<tr class=\"row-2 even\">\n\t\t<td class=\"column-1\">Almindelig unders\u00f8gelse ink. 2 r\u00f8ntgen<\/td><td class=\"column-2\">431,35<\/td>\n\t<\/tr>\n\t<tr class=\"row-3 odd\">\n\t\t<td class=\"column-1\">For unge mellem 22-25 <\/td><td class=\"column-2\">351,52<\/td>\n\t<\/tr>\n\t<tr class=\"row-4 even\">\n\t\t<td class=\"column-1\">Alm. tandrensning med og uden tilskud<\/td><td class=\"column-2\">239,76 \/ 450,-<\/td>\n\t<\/tr>\n\t<tr class=\"row-5 odd\">\n\t\t<td class=\"column-1\">Parodontosebehandling<\/td><td class=\"column-2\">fra 700,- <\/td>\n\t<\/tr>\n\t<tr class=\"row-6 even\">\n\t\t<td class=\"column-1\">Forebyggende behandling<\/td><td class=\"column-2\">190,17<\/td>\n\t<\/tr>\n\t<tr class=\"row-7 odd\">\n\t\t<td class=\"column-1\">Sm\u00e5 plastfyldn. i fort\u00e6nder<\/td><td class=\"column-2\">fra 491,- til 1.150,-<\/td>\n\t<\/tr>\n\t<tr class=\"row-8 even\">\n\t\t<td class=\"column-1\">Almindelig tandudtr\u00e6kning<\/td><td class=\"column-2\">372,76<\/td>\n\t<\/tr>\n\t<tr class=\"row-9 odd\">\n\t\t<td class=\"column-1\"><h2>Andre priseksempler<\/h2><\/td><td class=\"column-2\"><h2>Pris<\/h2><\/td>\n\t<\/tr>\n\t<tr class=\"row-10 even\">\n\t\t<td class=\"column-1\">Plastfyldn. i lille kindtand 1-3 flader<\/td><td class=\"column-2\">fra 1.150,- til 1.850,-<\/td>\n\t<\/tr>\n\t<tr class=\"row-11 odd\">\n\t\t<td class=\"column-1\">Plastfyldn. i stor kindtand 1-3 flader<\/td><td class=\"column-2\">fra 1.450,- til 2.550,-<\/td>\n\t<\/tr>\n\t<tr class=\"row-12 even\">\n\t\t<td class=\"column-1\">Lokalbed\u00f8velse<\/td><td class=\"column-2\">395,-<\/td>\n\t<\/tr>\n\t<tr class=\"row-13 odd\">\n\t\t<td class=\"column-1\">Porcel\u00e6nskrone, ekskl. r\u00f8ntgenbilleder og evt. lokalbed\u00f8velse, stift og plastopbygning.<\/td><td class=\"column-2\">6.650,- til 8.450,-<\/td>\n\t<\/tr>\n\t<tr class=\"row-14 even\">\n\t\t<td class=\"column-1\">Blegning<\/td><td class=\"column-2\">3.775,-<\/td>\n\t<\/tr>\n<\/tbody>\n<\/table>\n\n","protected":false},"excerpt":{"rendered":"<p>Betaling Vi tager b\u00e5de imod Dankort, MasterCard, Maestro, Nordea Pay, Visa Elektron, Mobile Pay&nbsp;og kontanter. Se priser og priseksempler<\/p>\n","protected":false},"author":3,"featured_media":0,"parent":0,"menu_order":0,"comment_status":"closed","ping_status":"closed","template":"","meta":{"_mi_skip_tracking":false,"ngg_post_thumbnail":0},"_links":{"self":[{"href":"https:\/\/svaneklinikken.dk\/index.php\/wp-json\/wp\/v2\/pages\/7"}],"collection":[{"href":"https:\/\/svaneklinikken.dk\/index.php\/wp-json\/wp\/v2\/pages"}],"about":[{"href":"https:\/\/svaneklinikken.dk\/index.php\/wp-json\/wp\/v2\/types\/page"}],"author":[{"embeddable":true,"href":"https:\/\/svaneklinikken.dk\/index.php\/wp-json\/wp\/v2\/users\/3"}],"replies":[{"embeddable":true,"href":"https:\/\/svaneklinikken.dk\/index.php\/wp-json\/wp\/v2\/comments?post=7"}],"version-history":[{"count":9,"href":"https:\/\/svaneklinikken.dk\/index.php\/wp-json\/wp\/v2\/pages\/7\/revisions"}],"predecessor-version":[{"id":1133,"href":"https:\/\/svaneklinikken.dk\/index.php\/wp-json\/wp\/v2\/pages\/7\/revisions\/1133"}],"wp:attachment":[{"href":"https:\/\/svaneklinikken.dk\/index.php\/wp-json\/wp\/v2\/media?parent=7"}],"curies":[{"name":"wp","href":"https:\/\/api.w.org\/{rel}","templated":true}]}}