{"id":64,"date":"2013-06-29T10:47:33","date_gmt":"2013-06-29T10:47:33","guid":{"rendered":"http:\/\/svaneklinikken.dk.linux11.curanetserver.dk\/?page_id=64"},"modified":"2021-01-21T12:14:58","modified_gmt":"2021-01-21T12:14:58","slug":"krone-og-brobehandling","status":"publish","type":"page","link":"https:\/\/svaneklinikken.dk\/index.php\/behandlinger\/krone-og-brobehandling\/","title":{"rendered":"Krone- og brobehandling"},"content":{"rendered":"<h2>Kroner<\/h2>\n<p>Kn\u00e6kkede eller nedbrudte t\u00e6nder skal oftest behandles med en mere holdbar l\u00f8sning end en almindelig fyldning \u2013 de s\u00e5kaldte kroner. Der findes i dag flere forskellige typer kroner i porcel\u00e6n og metal, s\u00e5 tal med din tandl\u00e6ge om, hvilken type krone der vil v\u00e6re bedst for dig. Hvis du skal have lavet en krone, skal den p\u00e5g\u00e6ldende tand f\u00f8rst slibes til, og s\u00e5 skal der tages et aftryk af tanden. Dette aftryk bruges til at fremstille en gipsmodel, hvorp\u00e5 kronen fremstilles. N\u00e5r kronen er f\u00e6rdig, s\u00e6ttes den fast p\u00e5 tanden med en slags tynd cement, der er meget holdbar.<\/p>\n<h2>Broer<\/h2>\n<p>Hvis du mangler \u00e9n eller flere t\u00e6nder, vil det oftest v\u00e6re muligt at erstatte den\/disse med en bro, som bliver sat fast p\u00e5 nabot\u00e6nderne til den manglende tand. Denne l\u00f8sning er god, hvis nabot\u00e6nderne ogs\u00e5 tr\u00e6nger til at blive behandlet med kroner. Broen er tandfarvet og sidder godt fast. Selv efter 15 \u00e5r sidder st\u00f8rstedelen af de p\u00e5satte broer stadig fast, og hvis den alligevel falder af kan den let s\u00e6ttes p\u00e5 igen.<\/p>\n<h4>L\u00e6s Svaneklinikkens anmeldelser p\u00e5 Google<\/h4>\n<div>Svaneklinikken har 5 ud af 5 stjerner baseret p\u00e5 20 <a href=\"https:\/\/www.google.dk\/search?q=svaneklinikken&amp;oq=svaneklinikken&amp;aqs=chrome..69i57j69i60l4j0.2975j0j7&amp;sourceid=chrome&amp;ie=UTF-8#q=svaneklinikken&amp;rflfq=1&amp;rlha=0&amp;rllag=55739893,12540144,4239&amp;tbm=lcl&amp;rldimm=8382455188324806306&amp;tbs=lrf:!2m1!1e2!2m1!1e3!3sEAE,lf:1,lf_ui:2&amp;lrd=0x465252f1474e45f7:0x74547694e5baeea2,1,\">anmeldelser<\/a>.<\/div>\n","protected":false},"excerpt":{"rendered":"<p>Kroner Kn\u00e6kkede eller nedbrudte t\u00e6nder skal oftest behandles med en mere holdbar l\u00f8sning end en almindelig fyldning \u2013 de s\u00e5kaldte kroner. Der findes i dag flere forskellige typer kroner i porcel\u00e6n og metal, s\u00e5 tal med din tandl\u00e6ge om, hvilken type krone der vil v\u00e6re bedst for dig. Hvis du skal have lavet en krone, [&hellip;]<\/p>\n","protected":false},"author":3,"featured_media":0,"parent":13,"menu_order":0,"comment_status":"closed","ping_status":"closed","template":"","meta":{"_mi_skip_tracking":false,"ngg_post_thumbnail":0},"_links":{"self":[{"href":"https:\/\/svaneklinikken.dk\/index.php\/wp-json\/wp\/v2\/pages\/64"}],"collection":[{"href":"https:\/\/svaneklinikken.dk\/index.php\/wp-json\/wp\/v2\/pages"}],"about":[{"href":"https:\/\/svaneklinikken.dk\/index.php\/wp-json\/wp\/v2\/types\/page"}],"author":[{"embeddable":true,"href":"https:\/\/svaneklinikken.dk\/index.php\/wp-json\/wp\/v2\/users\/3"}],"replies":[{"embeddable":true,"href":"https:\/\/svaneklinikken.dk\/index.php\/wp-json\/wp\/v2\/comments?post=64"}],"version-history":[{"count":6,"href":"https:\/\/svaneklinikken.dk\/index.php\/wp-json\/wp\/v2\/pages\/64\/revisions"}],"predecessor-version":[{"id":982,"href":"https:\/\/svaneklinikken.dk\/index.php\/wp-json\/wp\/v2\/pages\/64\/revisions\/982"}],"up":[{"embeddable":true,"href":"https:\/\/svaneklinikken.dk\/index.php\/wp-json\/wp\/v2\/pages\/13"}],"wp:attachment":[{"href":"https:\/\/svaneklinikken.dk\/index.php\/wp-json\/wp\/v2\/media?parent=64"}],"curies":[{"name":"wp","href":"https:\/\/api.w.org\/{rel}","templated":true}]}}