{"id":61,"date":"2013-06-29T10:46:41","date_gmt":"2013-06-29T10:46:41","guid":{"rendered":"http:\/\/svaneklinikken.dk.linux11.curanetserver.dk\/?page_id=61"},"modified":"2022-02-04T07:26:01","modified_gmt":"2022-02-04T07:26:01","slug":"rodbehandling","status":"publish","type":"page","link":"https:\/\/svaneklinikken.dk\/index.php\/behandlinger\/rodbehandling\/","title":{"rendered":"Rodbehandling \u00d8sterbro"},"content":{"rendered":"<p>Tandrodsbet\u00e6ndelse er en meget normal lidelse, som de fleste danskere oplever mindst en gang i deres liv. Symptomer p\u00e5 tandrodsbet\u00e6ndelse er bl.a. st\u00e6rke smerter, \u00f8mhed og d\u00e5rlig smag i munden.<\/p>\n<p>N\u00e5r der er brug for en rodbehandling, s\u00e5 skyldes det, at et hul i tanden er kommet igennem tandbenet og helt ind til nerven. Bakterierne, som har lavet hullet, er dem, som giver bet\u00e6ndelse i nerven og for\u00e5rsager en kronisk bet\u00e6ndelse i tandnerven, som giver dig smerter\/tandpine.<\/p>\n<p>Hos Svaneklinikken opdager vi som oftest tandrodsbet\u00e6ndelse ved r\u00f8ntgenfotografering eller n\u00e5r vores patienter direkte klager over smerter. Det er vigtigt, at bet\u00e6ndelsen bliver behandlet s\u00e5 snart vi opdager den, da den ellers kan brede brede sig ud af tanden og derigennem udvikle rodspidsbet\u00e6ndelse, eller brede sig til blodet og derved v\u00e6re skyld i alvorlige hjerte- og hjernesygdomme.<\/p>\n<p>Nerven er ikke n\u00f8dvendigvis d\u00f8d, selvom den er blevet angrebet af bakterier, og derfor kan det v\u00e6re n\u00f8dvendigt at fjerne b\u00e5de en levende eller en bet\u00e6ndt nerve ved en rodbehandling. Nerven kan dog ogs\u00e5 v\u00e6re d\u00f8d, men den skal alligevel fjernes for at forhindre spredningen af bakterier.<\/p>\n<p>Rodbehandlinger foreg\u00e5r ved, at vi ved hj\u00e6lp af nogle s\u00e6rlige, tynde file fjerner det d\u00f8de nervev\u00e6v fra tandens rodkanal. Undervejs skyller vi kanalen med bakteriedr\u00e6bende v\u00e6ske og til sidst, n\u00e5r alt nervev\u00e6v er v\u00e6k, forsegles rodkanalen med enten en krone eller en fyldning, s\u00e5 bakterier ikke kan tr\u00e6nge ind.<\/p>\n<h4>L\u00e6s Svaneklinikkens anmeldelser p\u00e5 Google<\/h4>\n<div>Svaneklinikken har 5 ud af 5 stjerner baseret p\u00e5 20 <a href=\"https:\/\/www.google.dk\/search?q=svaneklinikken&amp;oq=svaneklinikken&amp;aqs=chrome..69i57j69i60l4j0.2975j0j7&amp;sourceid=chrome&amp;ie=UTF-8#q=svaneklinikken&amp;rflfq=1&amp;rlha=0&amp;rllag=55739893,12540144,4239&amp;tbm=lcl&amp;rldimm=8382455188324806306&amp;tbs=lrf:!2m1!1e2!2m1!1e3!3sEAE,lf:1,lf_ui:2&amp;lrd=0x465252f1474e45f7:0x74547694e5baeea2,1,\">anmeldelser<\/a>.<\/div>\n","protected":false},"excerpt":{"rendered":"<p>Tandrodsbet\u00e6ndelse er en meget normal lidelse, som de fleste danskere oplever mindst en gang i deres liv. Symptomer p\u00e5 tandrodsbet\u00e6ndelse er bl.a. st\u00e6rke smerter, \u00f8mhed og d\u00e5rlig smag i munden. N\u00e5r der er brug for en rodbehandling, s\u00e5 skyldes det, at et hul i tanden er kommet igennem tandbenet og helt ind til nerven. Bakterierne, [&hellip;]<\/p>\n","protected":false},"author":3,"featured_media":0,"parent":13,"menu_order":0,"comment_status":"closed","ping_status":"closed","template":"","meta":{"_mi_skip_tracking":false,"ngg_post_thumbnail":0},"_links":{"self":[{"href":"https:\/\/svaneklinikken.dk\/index.php\/wp-json\/wp\/v2\/pages\/61"}],"collection":[{"href":"https:\/\/svaneklinikken.dk\/index.php\/wp-json\/wp\/v2\/pages"}],"about":[{"href":"https:\/\/svaneklinikken.dk\/index.php\/wp-json\/wp\/v2\/types\/page"}],"author":[{"embeddable":true,"href":"https:\/\/svaneklinikken.dk\/index.php\/wp-json\/wp\/v2\/users\/3"}],"replies":[{"embeddable":true,"href":"https:\/\/svaneklinikken.dk\/index.php\/wp-json\/wp\/v2\/comments?post=61"}],"version-history":[{"count":6,"href":"https:\/\/svaneklinikken.dk\/index.php\/wp-json\/wp\/v2\/pages\/61\/revisions"}],"predecessor-version":[{"id":983,"href":"https:\/\/svaneklinikken.dk\/index.php\/wp-json\/wp\/v2\/pages\/61\/revisions\/983"}],"up":[{"embeddable":true,"href":"https:\/\/svaneklinikken.dk\/index.php\/wp-json\/wp\/v2\/pages\/13"}],"wp:attachment":[{"href":"https:\/\/svaneklinikken.dk\/index.php\/wp-json\/wp\/v2\/media?parent=61"}],"curies":[{"name":"wp","href":"https:\/\/api.w.org\/{rel}","templated":true}]}}