{"id":59,"date":"2013-06-29T10:46:06","date_gmt":"2013-06-29T10:46:06","guid":{"rendered":"http:\/\/svaneklinikken.dk.linux11.curanetserver.dk\/?page_id=59"},"modified":"2017-04-19T10:51:15","modified_gmt":"2017-04-19T10:51:15","slug":"forebyggende-tandpleje","status":"publish","type":"page","link":"https:\/\/svaneklinikken.dk\/index.php\/behandlinger\/forebyggende-tandpleje\/","title":{"rendered":"Forebyggende tandpleje"},"content":{"rendered":"<p>Vores t\u00e6nder skal holde hele livet, og derfor er det ogs\u00e5 af allerst\u00f8rste vigtighed, at man passer p\u00e5 dem og forebygger skader og tandsygdomme. Ingen kunstige erstatninger fungerer nemlig lige s\u00e5 godt som dine egne, naturlige t\u00e6nder.<\/p>\n<p>Forebyggende tandpleje omfatter bl.a. gode r\u00e5d og vejledning, der har til form\u00e5l at styrke t\u00e6ndernes eget forsvar, s\u00e5 de holder sig sunde s\u00e5 lang tid som overhovedet muligt.<\/p>\n<p>Forebyggende tandpleje kan fx v\u00e6re information om hvordan man bedst b\u00f8rster sine egne, eller ens b\u00f8rns, t\u00e6nder, hvordan man bruger tandtr\u00e5d samt hvilke mad- og drikkevarer man skal holde sig fra, hvis man vil beholde sine sunde, hvide t\u00e6nder.<\/p>\n<p>Hos Svaneklinikken foretager vi mange forebyggende behandlinger. Et typisk tandl\u00e6getjek med forebyggende effekt vil normalt indeholde tandeftersyn og tandrensning og hvis der er brug for det, ogs\u00e5 r\u00f8ntgenbilleder, flourbehandlinger og lakforseglinger. P\u00e5 denne m\u00e5de holder vi dine t\u00e6nder sunde og rene og forhindrer huller og andre tandsygdomme.<\/p>\n<p>For den bedste forebyggende effekt anbefaler vi, at der ikke g\u00e5r mere end h\u00f8jst 3-6 m\u00e5neder mellem dine behandlinger hos Svaneklinikken.<\/p>\n","protected":false},"excerpt":{"rendered":"<p>Vores t\u00e6nder skal holde hele livet, og derfor er det ogs\u00e5 af allerst\u00f8rste vigtighed, at man passer p\u00e5 dem og forebygger skader og tandsygdomme. Ingen kunstige erstatninger fungerer nemlig lige s\u00e5 godt som dine egne, naturlige t\u00e6nder. Forebyggende tandpleje omfatter bl.a. gode r\u00e5d og vejledning, der har til form\u00e5l at styrke t\u00e6ndernes eget forsvar, s\u00e5 [&hellip;]<\/p>\n","protected":false},"author":3,"featured_media":0,"parent":13,"menu_order":0,"comment_status":"closed","ping_status":"closed","template":"","meta":{"_mi_skip_tracking":false,"ngg_post_thumbnail":0},"_links":{"self":[{"href":"https:\/\/svaneklinikken.dk\/index.php\/wp-json\/wp\/v2\/pages\/59"}],"collection":[{"href":"https:\/\/svaneklinikken.dk\/index.php\/wp-json\/wp\/v2\/pages"}],"about":[{"href":"https:\/\/svaneklinikken.dk\/index.php\/wp-json\/wp\/v2\/types\/page"}],"author":[{"embeddable":true,"href":"https:\/\/svaneklinikken.dk\/index.php\/wp-json\/wp\/v2\/users\/3"}],"replies":[{"embeddable":true,"href":"https:\/\/svaneklinikken.dk\/index.php\/wp-json\/wp\/v2\/comments?post=59"}],"version-history":[{"count":5,"href":"https:\/\/svaneklinikken.dk\/index.php\/wp-json\/wp\/v2\/pages\/59\/revisions"}],"predecessor-version":[{"id":738,"href":"https:\/\/svaneklinikken.dk\/index.php\/wp-json\/wp\/v2\/pages\/59\/revisions\/738"}],"up":[{"embeddable":true,"href":"https:\/\/svaneklinikken.dk\/index.php\/wp-json\/wp\/v2\/pages\/13"}],"wp:attachment":[{"href":"https:\/\/svaneklinikken.dk\/index.php\/wp-json\/wp\/v2\/media?parent=59"}],"curies":[{"name":"wp","href":"https:\/\/api.w.org\/{rel}","templated":true}]}}