{"id":589,"date":"2016-11-09T07:57:57","date_gmt":"2016-11-09T07:57:57","guid":{"rendered":"http:\/\/test.svaneklinikken.dk\/?page_id=589"},"modified":"2023-01-28T20:42:25","modified_gmt":"2023-01-28T19:42:25","slug":"tandlaege-jagtvej","status":"publish","type":"page","link":"https:\/\/svaneklinikken.dk\/index.php\/tandlaege-jagtvej\/","title":{"rendered":"Svaneklinikken &#8211; tandl\u00e6ge n\u00e6r Jagtvej"},"content":{"rendered":"<div class=\"su-row\">\n<div class=\"su-column su-column-size-1-2\"><div class=\"su-column-inner su-u-clearfix su-u-trim\">\n<p>Hvorn\u00e5r bes\u00f8gte du sidst din lokale tandl\u00e6ge og fik tjekket op p\u00e5 dine t\u00e6nders sundhed?<\/p>\n<p>I Danmark er vi gode til at b\u00f8rste vores t\u00e6nder og passe p\u00e5 dem. Alligevel bes\u00f8ger hver tiende dansker ikke sin tandl\u00e6ge til et regelm\u00e6ssigt sundhedstjek en gang om \u00e5ret. Og det kan i sidste ende have dyre og smertefulde konsekvenser for dit smil.<\/p>\n<p>Der kan v\u00e6re flere grunde til, at den voksne befolkning ikke f\u00e5r unders\u00f8gt deres t\u00e6nder. Mange lider eksempelvis af tandl\u00e6geskr\u00e6k og andre forventer en stor regning, liges\u00e5 snart de s\u00e6tter foden inden for klinikd\u00f8ren. Men et regelm\u00e6ssigt tandtjek er faktisk en billig og afslappet oplevelse, som kan spare dig for tandl\u00e6gebes\u00f8g og penge i fremtiden.<\/p>\n<p><a href=\"http:\/\/test.svaneklinikken.dk\/\">Svaneklinikken p\u00e5 \u00d8sterbro<\/a>, t\u00e6t ved Jagtvej, kan hj\u00e6lpe dig med en billig og professionel unders\u00f8gelse af dine t\u00e6nder.<\/p>\n<h2>Det beh\u00f8ver ikke at v\u00e6re dyrt at g\u00e5 til tandl\u00e6ge<\/h2>\n<p>Vi oplever, at mange af vores patienter har en forventning om, at det er dyrt at bes\u00f8ge sin tandl\u00e6ge. De fleste danskere er faktisk ikke klar over, at det ikke er os, som bestemmer priserne, men i stedet en overenskomst mellem Tandl\u00e6geforeningen og regionerne. N\u00e5r du bes\u00f8ger vores klinik, f\u00e5r du b\u00e5de et erfarent blik p\u00e5 dit smil, men ogs\u00e5 en rimelig pris. Vi giver dig og dine t\u00e6nder fuld valuta for pengene.<\/p>\n<p>Du kan l\u00e6se om vores gode priser p\u00e5 vores hjemmeside eller du kan kontakte os for mere information.<\/p>\n<h2>En trov\u00e6rdig tandl\u00e6ge p\u00e5 \u00d8sterbro, ved Jagtvej<\/h2>\n<p>Det betyder meget for os, at vi er en tandl\u00e6ge, som du har tillid til. Vores professionelle team tilbyder en bred vifte af forskellige behandlinger til en <a href=\"http:\/\/test.svaneklinikken.dk\/priser\">god pris<\/a>, s\u00e5 vi i f\u00e6llesskab kan finde frem til en fornuftig l\u00f8sning, der passer til dit behov. Og vi g\u00e5r samtidig op i at skabe et gennemsigtigt og trov\u00e6rdigt forl\u00f8b, hvor vi kan r\u00e5dgive dig og fort\u00e6lle mere omkring din behandling undervejs.<\/p>\n<p>Hos Tandl\u00e6gerne p\u00e5 Svaneklinikken kan du f\u00e5 behandling af en tandl\u00e6ge i K\u00f8benhavn, p\u00e5 \u00d8sterbro, t\u00e6t ved Trianglen, Svanem\u00f8llen st. og Jagtvej. Vi har skabt en hyggelig klinik med en afslappet atmosf\u00e6re, og vi gl\u00e6der os til at byde dig velkommen<\/p>\n<h4>L\u00e6s Svaneklinikkens anmeldelser p\u00e5 Google<\/h4>\n<div>Svaneklinikken har 4,8 ud af 5 stjerner baseret p\u00e5 31&nbsp;<a href=\"https:\/\/www.google.dk\/search?q=svaneklinikken&amp;oq=svaneklinikken&amp;aqs=chrome..69i57j69i60l4j0.2975j0j7&amp;sourceid=chrome&amp;ie=UTF-8#q=svaneklinikken&amp;rflfq=1&amp;rlha=0&amp;rllag=55739893,12540144,4239&amp;tbm=lcl&amp;rldimm=8382455188324806306&amp;tbs=lrf:!2m1!1e2!2m1!1e3!3sEAE,lf:1,lf_ui:2&amp;lrd=0x465252f1474e45f7:0x74547694e5baeea2,1,\">anmeldelser<\/a>.<\/div>\n<p>.<\/div><\/div>\n<div class=\"su-column su-column-size-1-2\"><div class=\"su-column-inner su-u-clearfix su-u-trim\">\n<img src=\"http:\/\/test.svaneklinikken.dk\/wp-content\/uploads\/15Vores-n\u00e6romra\u030ade-\u00f8verst-facade.jpg\" alt=\"\"><\/p>\n<p><img src=\"http:\/\/test.svaneklinikken.dk\/wp-content\/uploads\/16Vores-n\u00e6romra\u030ade-nederst-skilt-med-hovedd\u00f8r.jpg\" alt=\"\"><\/p>\n<\/div><\/div>\n<\/div>\n","protected":false},"excerpt":{"rendered":"","protected":false},"author":3,"featured_media":0,"parent":0,"menu_order":0,"comment_status":"closed","ping_status":"closed","template":"","meta":{"_mi_skip_tracking":false,"ngg_post_thumbnail":0},"_links":{"self":[{"href":"https:\/\/svaneklinikken.dk\/index.php\/wp-json\/wp\/v2\/pages\/589"}],"collection":[{"href":"https:\/\/svaneklinikken.dk\/index.php\/wp-json\/wp\/v2\/pages"}],"about":[{"href":"https:\/\/svaneklinikken.dk\/index.php\/wp-json\/wp\/v2\/types\/page"}],"author":[{"embeddable":true,"href":"https:\/\/svaneklinikken.dk\/index.php\/wp-json\/wp\/v2\/users\/3"}],"replies":[{"embeddable":true,"href":"https:\/\/svaneklinikken.dk\/index.php\/wp-json\/wp\/v2\/comments?post=589"}],"version-history":[{"count":9,"href":"https:\/\/svaneklinikken.dk\/index.php\/wp-json\/wp\/v2\/pages\/589\/revisions"}],"predecessor-version":[{"id":1109,"href":"https:\/\/svaneklinikken.dk\/index.php\/wp-json\/wp\/v2\/pages\/589\/revisions\/1109"}],"wp:attachment":[{"href":"https:\/\/svaneklinikken.dk\/index.php\/wp-json\/wp\/v2\/media?parent=589"}],"curies":[{"name":"wp","href":"https:\/\/api.w.org\/{rel}","templated":true}]}}