{"id":5,"date":"2013-06-29T08:39:45","date_gmt":"2013-06-29T08:39:45","guid":{"rendered":"http:\/\/svaneklinikken.dk.linux11.curanetserver.dk\/?page_id=5"},"modified":"2023-01-28T20:42:59","modified_gmt":"2023-01-28T19:42:59","slug":"hvem-er-vi","status":"publish","type":"page","link":"https:\/\/svaneklinikken.dk\/index.php\/hvem-er-vi\/","title":{"rendered":"Om klinikken"},"content":{"rendered":"<div class=\"su-row\">\n<div class=\"su-column su-column-size-1-2\"><div class=\"su-column-inner su-u-clearfix su-u-trim\">\nVi har&nbsp;mange \u00e5rs erfaring med tandbehandling og flere tusinde tilfredse patienter.&nbsp;Her f\u00e5r du altid en professionel og behagelig behandling.<\/p>\n<p><strong>Du er i centrum<\/strong><\/p>\n<p>Hos os er patienten altid i centrum: Det handler om, at du skal v\u00e6re tryg. Derfor g\u00f8r vi meget for at oplyse og r\u00e5dgive i forbindelse med <a title=\"Behandlinger\" href=\"http:\/\/test.svaneklinikken.dk\/behandlinger\">alle vores behandlinger.<\/a><\/p>\n<p><strong>Vores m\u00e5l er sunde&nbsp;t\u00e6nder og tilfredse patienter<\/strong><\/p>\n<p>Vi behandler dine t\u00e6nder til en god funktionsdygtig stand ud fra vores faglige vurdering&nbsp;samt efter dine \u00f8nsker. Derefter vil vi s\u00f8rge for langsigtet vedligeholdelse med det m\u00e5l, at forebygge sygdomsudvikling i munden, s\u00e5&nbsp;du skal beholde dine t\u00e6nder hele livet. Vi klarer de fleste behandlinger, men samarbejder med gode henvisningstandl\u00e6ger med speciale indenfor diverse omr\u00e5der, hvis der bliver behov for dette.<\/p>\n<p><strong>Hygiejnen p\u00e5 tandklinikken<\/strong><\/p>\n<p>Hygiejnen er vigtig og vi tager den meget seri\u00f8st. Her er et par af de ting, vi altid s\u00f8rger for, for&nbsp;at holde&nbsp;en h\u00f8j standard:<\/p>\n<ul>\n<li>Hygiejnen p\u00e5 klinikken f\u00f8lger anbefalede standarder.<\/li>\n<li>Der anvendes engangsartikler i videst mulig udstr\u00e6kning.<\/li>\n<li>Boremaskiner og instrumenter steriliseres mellem hver patient, og vores udstyr kontrolleres regelm\u00e6ssigt af Statens Seruminstitut.<\/li>\n<\/ul>\n<\/div><\/div><div class=\"su-column su-column-size-1-2\"><div class=\"su-column-inner su-u-clearfix su-u-trim\">\n<h2>F\u00e5 st\u00f8tte fra&nbsp;den offentlige sygesikring&nbsp;til din tandbehandling<\/h2>\n<p>Mange tror fejlagtigt at vi som tandl\u00e6ger selv bestemmer <a title=\"Priser\" href=\"http:\/\/test.svaneklinikken.dk\/priser\">vores priser.<\/a>&nbsp;Der findes en overenskomst som dikterer priser for de mest almindelige behandlinger. Dermed er tandl\u00e6geprisen p\u00e5 mange ydelser ens i hele Danmark<\/p>\n<p>Vi er desuden meget gerne behj\u00e6lpelige med at overf\u00f8re regning til Sygeforsikring Danmark, hvis du er medlem her af, s\u00e5 du kan f\u00e5 tilskud til tandbehandling fra Danmark.<\/p>\n<h2>Studierabat<\/h2>\n<p>P\u00e5 Svaneklinikken tilbyder vi desuden&nbsp;studierabat 15 % til alle studerende under 30 \u00e5r med gyldigt studiekort p\u00e5&nbsp;frie ydelser, dvs. priser som ikke er fastsat af den offentlige sygesikring.<\/p>\n<h4>L\u00e6s Svaneklinikkens anmeldelser p\u00e5 Google<\/h4>\n<div>Svaneklinikken har 4,8 ud af 5 stjerner baseret p\u00e5 31&nbsp;<a href=\"https:\/\/www.google.dk\/search?q=svaneklinikken&amp;oq=svaneklinikken&amp;aqs=chrome..69i57j69i60l4j0.2975j0j7&amp;sourceid=chrome&amp;ie=UTF-8#q=svaneklinikken&amp;rflfq=1&amp;rlha=0&amp;rllag=55739893,12540144,4239&amp;tbm=lcl&amp;rldimm=8382455188324806306&amp;tbs=lrf:!2m1!1e2!2m1!1e3!3sEAE,lf:1,lf_ui:2&amp;lrd=0x465252f1474e45f7:0x74547694e5baeea2,1,\">anmeldelser<\/a>.<\/div>\n<\/div><\/div>\n<\/div>\n","protected":false},"excerpt":{"rendered":"","protected":false},"author":3,"featured_media":0,"parent":0,"menu_order":0,"comment_status":"closed","ping_status":"closed","template":"","meta":{"_mi_skip_tracking":false,"ngg_post_thumbnail":0},"_links":{"self":[{"href":"https:\/\/svaneklinikken.dk\/index.php\/wp-json\/wp\/v2\/pages\/5"}],"collection":[{"href":"https:\/\/svaneklinikken.dk\/index.php\/wp-json\/wp\/v2\/pages"}],"about":[{"href":"https:\/\/svaneklinikken.dk\/index.php\/wp-json\/wp\/v2\/types\/page"}],"author":[{"embeddable":true,"href":"https:\/\/svaneklinikken.dk\/index.php\/wp-json\/wp\/v2\/users\/3"}],"replies":[{"embeddable":true,"href":"https:\/\/svaneklinikken.dk\/index.php\/wp-json\/wp\/v2\/comments?post=5"}],"version-history":[{"count":7,"href":"https:\/\/svaneklinikken.dk\/index.php\/wp-json\/wp\/v2\/pages\/5\/revisions"}],"predecessor-version":[{"id":1110,"href":"https:\/\/svaneklinikken.dk\/index.php\/wp-json\/wp\/v2\/pages\/5\/revisions\/1110"}],"wp:attachment":[{"href":"https:\/\/svaneklinikken.dk\/index.php\/wp-json\/wp\/v2\/media?parent=5"}],"curies":[{"name":"wp","href":"https:\/\/api.w.org\/{rel}","templated":true}]}}