{"id":4,"date":"2013-06-29T08:39:35","date_gmt":"2013-06-29T08:39:35","guid":{"rendered":"http:\/\/svaneklinikken.dk.linux11.curanetserver.dk\/?page_id=4"},"modified":"2025-07-02T10:20:11","modified_gmt":"2025-07-02T09:20:11","slug":"personale","status":"publish","type":"page","link":"https:\/\/svaneklinikken.dk\/index.php\/personale\/","title":{"rendered":"Personale"},"content":{"rendered":"\n\n<div id=\"wk-gridf66\" class=\"uk-grid-width-1-2 uk-grid-width-medium-1-3 uk-grid-width-large-1-4 uk-grid uk-grid-match uk-text-center \" data-uk-grid-match=\"{target:'> div > .uk-panel', row:true}\" data-uk-grid-margin >\n\n\n    <div>\n        <div class=\"uk-panel\">\n\n            \n            \n                        <div class=\"uk-text-center uk-panel-teaser\"><img src=\"\/wp-content\/plugins\/widgetkit\/cache\/sofie_new-e3af2c653552260d3ca9454e0c7be13b.jpg\" class=\" uk-overlay-scale\" alt=\"Sofie M\u00f8ller Lumholtz\" width=\"250\" height=\"250\"><\/div>\n            \n            \n                        <h3 class=\"uk-h4 uk-margin-top-remove\">\n\n                                    Sofie M\u00f8ller Lumholtz                \n                \n            <\/h3>\n            \n            \n            \n                        <div class=\"uk-margin\"><p class=\"personaletitel\">Tandl\u00e6ge og Ejer<\/p><\/div>\n            \n            \n            \n            \n        <\/div>\n    <\/div>\n\n\n    <div>\n        <div class=\"uk-panel\">\n\n            \n            \n                        <div class=\"uk-text-center uk-panel-teaser\"><img src=\"\/wp-content\/plugins\/widgetkit\/cache\/marie_new-48251432794906fb1516b2b6434c6b72.jpg\" class=\" uk-overlay-scale\" alt=\"Marie Elsborg Fauerby\" width=\"250\" height=\"250\"><\/div>\n            \n            \n                        <h3 class=\"uk-h4 uk-margin-top-remove\">\n\n                                    Marie Elsborg Fauerby                \n                \n            <\/h3>\n            \n            \n            \n                        <div class=\"uk-margin\"><p class=\"personaletitel\">Tandl\u00e6ge<\/p><\/div>\n            \n            \n            \n            \n        <\/div>\n    <\/div>\n\n\n    <div>\n        <div class=\"uk-panel\">\n\n            \n            \n                        <div class=\"uk-text-center uk-panel-teaser\"><img src=\"\/wp-content\/plugins\/widgetkit\/cache\/malanie_r_03-0529b58138ccbb03a439e93ca0b312a3.png\" class=\" uk-overlay-scale\" alt=\"Melanie Raskin Nielsen\" width=\"250\" height=\"250\"><\/div>\n            \n            \n                        <h3 class=\"uk-h4 uk-margin-top-remove\">\n\n                                    Melanie Raskin Nielsen                \n                \n            <\/h3>\n            \n            \n            \n                        <div class=\"uk-margin\"><p class=\"personaletitel\">Tandl\u00e6ge<\/p><\/div>\n            \n            \n            \n            \n        <\/div>\n    <\/div>\n\n\n    <div>\n        <div class=\"uk-panel\">\n\n            \n            \n                        <div class=\"uk-text-center uk-panel-teaser\"><img src=\"\/wp-content\/plugins\/widgetkit\/cache\/Julie-Rasmussen_new-24994511434bab4c794136fbc85ce496.jpg\" class=\" uk-overlay-scale\" alt=\"Julie Birk Rasmussen\" width=\"250\" height=\"250\"><\/div>\n            \n            \n                        <h3 class=\"uk-h4 uk-margin-top-remove\">\n\n                                    Julie Birk Rasmussen                \n                \n            <\/h3>\n            \n            \n            \n                        <div class=\"uk-margin\"><p class=\"personaletitel\">Tandl\u00e6ge<\/p><\/div>\n            \n            \n            \n            \n        <\/div>\n    <\/div>\n\n\n    <div>\n        <div class=\"uk-panel\">\n\n            \n            \n                        <div class=\"uk-text-center uk-panel-teaser\"><img src=\"\/wp-content\/uploads\/Billed-pa%CC%8A-vej-1.jpg\" class=\" uk-overlay-scale\" alt=\"Hanna Krook\" width=\"250\" height=\"250\"><\/div>\n            \n            \n                        <h3 class=\"uk-h4 uk-margin-top-remove\">\n\n                                    Hanna Krook                \n                \n            <\/h3>\n            \n            \n            \n                        <div class=\"uk-margin\"><p class=\"personaletitel\">Tandl\u00e6ge<\/p><\/div>\n            \n            \n            \n            \n        <\/div>\n    <\/div>\n\n\n    <div>\n        <div class=\"uk-panel\">\n\n            \n            \n                        <div class=\"uk-text-center uk-panel-teaser\"><img src=\"\/wp-content\/plugins\/widgetkit\/cache\/fauzia-6a2f3f15009c28a8c347cfc857f69ae3.jpg\" class=\" uk-overlay-scale\" alt=\"Fauzia Achiban\" width=\"250\" height=\"250\"><\/div>\n            \n            \n                        <h3 class=\"uk-h4 uk-margin-top-remove\">\n\n                                    Fauzia Achiban                \n                \n            <\/h3>\n            \n            \n            \n                        <div class=\"uk-margin\"><p class=\"personaletitel\">Tandplejer<\/p><\/div>\n            \n            \n            \n            \n        <\/div>\n    <\/div>\n\n\n    <div>\n        <div class=\"uk-panel\">\n\n            \n            \n                        <div class=\"uk-text-center uk-panel-teaser\"><img src=\"\/wp-content\/uploads\/Billed-pa%CC%8A-vej.jpg\" class=\" uk-overlay-scale\" alt=\"Samira Idrissi\" width=\"250\" height=\"250\"><\/div>\n            \n            \n                        <h3 class=\"uk-h4 uk-margin-top-remove\">\n\n                                    Samira Idrissi                \n                \n            <\/h3>\n            \n            \n            \n                        <div class=\"uk-margin\"><p class=\"personaletitel\">Tandplejer<\/p><\/div>\n            \n            \n            \n            \n        <\/div>\n    <\/div>\n\n\n    <div>\n        <div class=\"uk-panel\">\n\n            \n            \n                        <div class=\"uk-text-center uk-panel-teaser\"><img src=\"\/wp-content\/uploads\/Billed-pa%CC%8A-vej-1.jpg\" class=\" uk-overlay-scale\" alt=\"Julie Lindgreen\" width=\"250\" height=\"250\"><\/div>\n            \n            \n                        <h3 class=\"uk-h4 uk-margin-top-remove\">\n\n                                    Julie Lindgreen                \n                \n            <\/h3>\n            \n            \n            \n                        <div class=\"uk-margin\"><p class=\"personaletitel\">Tandplejer<\/p><\/div>\n            \n            \n            \n            \n        <\/div>\n    <\/div>\n\n\n    <div>\n        <div class=\"uk-panel\">\n\n            \n            \n                        <div class=\"uk-text-center uk-panel-teaser\"><img src=\"\/wp-content\/plugins\/widgetkit\/cache\/julie_gunasing_new-c8754da063ff404e68da695a5cd259e5.jpg\" class=\" uk-overlay-scale\" alt=\"Julie Askirk Gunasinghe\" width=\"250\" height=\"250\"><\/div>\n            \n            \n                        <h3 class=\"uk-h4 uk-margin-top-remove\">\n\n                                    Julie Askirk Gunasinghe                \n                \n            <\/h3>\n            \n            \n            \n                        <div class=\"uk-margin\"><p class=\"personaletitel\">Klinikkoordinator<\/p><\/div>\n            \n            \n            \n            \n        <\/div>\n    <\/div>\n\n\n    <div>\n        <div class=\"uk-panel\">\n\n            \n            \n                        <div class=\"uk-text-center uk-panel-teaser\"><img src=\"\/wp-content\/plugins\/widgetkit\/cache\/GNN-scaled-e1715072403620-2de76bdaa4316d4f9f3f91fe7fb78241.jpg\" class=\" uk-overlay-scale\" alt=\"Gitte N\u00f8rager Nielsen\" width=\"250\" height=\"250\"><\/div>\n            \n            \n                        <h3 class=\"uk-h4 uk-margin-top-remove\">\n\n                                    Gitte N\u00f8rager Nielsen                \n                \n            <\/h3>\n            \n            \n            \n                        <div class=\"uk-margin\"><p class=\"personaletitel\">Receptionist<\/p><\/div>\n            \n            \n            \n            \n        <\/div>\n    <\/div>\n\n\n    <div>\n        <div class=\"uk-panel\">\n\n            \n            \n                        <div class=\"uk-text-center uk-panel-teaser\"><img src=\"\/wp-content\/plugins\/widgetkit\/cache\/tina_new-ae0fc3ec4f4da128c680f047e07b6e76.jpg\" class=\" uk-overlay-scale\" alt=\"Tina Brask J\u00f8rgensen\" width=\"250\" height=\"250\"><\/div>\n            \n            \n                        <h3 class=\"uk-h4 uk-margin-top-remove\">\n\n                                    Tina Brask J\u00f8rgensen                \n                \n            <\/h3>\n            \n            \n            \n                        <div class=\"uk-margin\"><p class=\"personaletitel\">Klinikassistent<\/p><\/div>\n            \n            \n            \n            \n        <\/div>\n    <\/div>\n\n\n    <div>\n        <div class=\"uk-panel\">\n\n            \n            \n                        <div class=\"uk-text-center uk-panel-teaser\"><img src=\"\/wp-content\/plugins\/widgetkit\/cache\/jeanne_new-0adb8cca3006a98421f6b3919b3ded5d.jpg\" class=\" uk-overlay-scale\" alt=\"Jeanne Reich\" width=\"250\" height=\"250\"><\/div>\n            \n            \n                        <h3 class=\"uk-h4 uk-margin-top-remove\">\n\n                                    Jeanne Reich                \n                \n            <\/h3>\n            \n            \n            \n                        <div class=\"uk-margin\"><p class=\"personaletitel\">Klinikassistent<\/p><\/div>\n            \n            \n            \n            \n        <\/div>\n    <\/div>\n\n\n    <div>\n        <div class=\"uk-panel\">\n\n            \n            \n                        <div class=\"uk-text-center uk-panel-teaser\"><img src=\"\/wp-content\/uploads\/Billed-pa%CC%8A-vej-1.jpg\" class=\" uk-overlay-scale\" alt=\"Zahra Raad Sami Al-Daraji\" width=\"250\" height=\"250\"><\/div>\n            \n            \n                        <h3 class=\"uk-h4 uk-margin-top-remove\">\n\n                                    Zahra Raad Sami Al-Daraji                \n                \n            <\/h3>\n            \n            \n            \n                        <div class=\"uk-margin\"><p class=\"personaletitel\">Klinikassistent<\/p><\/div>\n            \n            \n            \n            \n        <\/div>\n    <\/div>\n\n\n    <div>\n        <div class=\"uk-panel\">\n\n            \n            \n                        <div class=\"uk-text-center uk-panel-teaser\"><img src=\"\/wp-content\/uploads\/Billed-pa%CC%8A-vej-1.jpg\" class=\" uk-overlay-scale\" alt=\"Mahnaz Ahmadian\" width=\"250\" height=\"250\"><\/div>\n            \n            \n                        <h3 class=\"uk-h4 uk-margin-top-remove\">\n\n                                    Mahnaz Ahmadian                \n                \n            <\/h3>\n            \n            \n            \n                        <div class=\"uk-margin\"><p class=\"personaletitel\">Klinikassistent<\/p><\/div>\n            \n            \n            \n            \n        <\/div>\n    <\/div>\n\n\n    <div>\n        <div class=\"uk-panel\">\n\n            \n            \n                        <div class=\"uk-text-center uk-panel-teaser\"><img src=\"\/wp-content\/plugins\/widgetkit\/cache\/MI-scaled-e1715072477143-3205f400717db1e7242aea6f74c1f473.jpg\" class=\" uk-overlay-scale\" alt=\"Mehwish Imtiaz\" width=\"250\" height=\"250\"><\/div>\n            \n            \n                        <h3 class=\"uk-h4 uk-margin-top-remove\">\n\n                                    Mehwish Imtiaz                \n                \n            <\/h3>\n            \n            \n            \n                        <div class=\"uk-margin\"><p class=\"personaletitel\">Klinikassistentelev<\/p><\/div>\n            \n            \n            \n            \n        <\/div>\n    <\/div>\n\n\n    <div>\n        <div class=\"uk-panel\">\n\n            \n            \n                        <div class=\"uk-text-center uk-panel-teaser\"><img src=\"\/wp-content\/uploads\/Billed-pa%CC%8A-vej-1.jpg\" class=\" uk-overlay-scale\" alt=\"Anna Wille\" width=\"250\" height=\"250\"><\/div>\n            \n            \n                        <h3 class=\"uk-h4 uk-margin-top-remove\">\n\n                                    Anna Wille                \n                \n            <\/h3>\n            \n            \n            \n                        <div class=\"uk-margin\"><p class=\"personaletitel\">Klinikassistentelev<\/p><\/div>\n            \n            \n            \n            \n        <\/div>\n    <\/div>\n\n\n<\/div>\n\n<script>\n(function($){\n\n    \/\/ get the images of the gallery and replace it by a canvas of the same size to fix the problem with overlapping images on load.\n    $('img[width][height]:not(.uk-overlay-panel)', $('#wk-gridf66')).each(function() {\n\n        var $img = $(this);\n\n        if (this.width == 'auto' || this.height == 'auto' || !$img.is(':visible')) {\n            return;\n        }\n\n        var $canvas = $('<canvas class=\"uk-responsive-width\"><\/canvas>').attr({width:$img.attr('width'), height:$img.attr('height')}),\n            img = new Image,\n            release = function() {\n                $canvas.remove();\n                $img.css('display', '');\n                release = function(){};\n            };\n\n        $img.css('display', 'none').after($canvas);\n\n        $(img).on('load', function(){ release(); });\n        setTimeout(function(){ release(); }, 1000);\n\n        img.src = this.src;\n\n    });\n\n})(jQuery);\n<\/script>\n\n<p>Vores personale er valgt ud fra deres faglige h\u00f8je niveau. Vi har fokus p\u00e5 kommunikationen, s\u00e5 du som patient altid f\u00e5r den bedste behandling af netop dit tands\u00e6t.<\/p>\n<p>Det er vigtigt for os, at du har tillid til os, s\u00e5 vi sammen kan lave en&nbsp;fornuftig&nbsp;behandling som er tilpasset dit behov.<\/p>\n","protected":false},"excerpt":{"rendered":"<p>Vores personale er valgt ud fra deres faglige h\u00f8je niveau. Vi har fokus p\u00e5 kommunikationen, s\u00e5 du som patient altid f\u00e5r den bedste behandling af netop dit tands\u00e6t. Det er vigtigt for os, at du har tillid til os, s\u00e5 vi sammen kan lave en&nbsp;fornuftig&nbsp;behandling som er tilpasset dit behov.<\/p>\n","protected":false},"author":3,"featured_media":0,"parent":0,"menu_order":0,"comment_status":"closed","ping_status":"closed","template":"","meta":{"_mi_skip_tracking":false,"ngg_post_thumbnail":0},"_links":{"self":[{"href":"https:\/\/svaneklinikken.dk\/index.php\/wp-json\/wp\/v2\/pages\/4"}],"collection":[{"href":"https:\/\/svaneklinikken.dk\/index.php\/wp-json\/wp\/v2\/pages"}],"about":[{"href":"https:\/\/svaneklinikken.dk\/index.php\/wp-json\/wp\/v2\/types\/page"}],"author":[{"embeddable":true,"href":"https:\/\/svaneklinikken.dk\/index.php\/wp-json\/wp\/v2\/users\/3"}],"replies":[{"embeddable":true,"href":"https:\/\/svaneklinikken.dk\/index.php\/wp-json\/wp\/v2\/comments?post=4"}],"version-history":[{"count":8,"href":"https:\/\/svaneklinikken.dk\/index.php\/wp-json\/wp\/v2\/pages\/4\/revisions"}],"predecessor-version":[{"id":1156,"href":"https:\/\/svaneklinikken.dk\/index.php\/wp-json\/wp\/v2\/pages\/4\/revisions\/1156"}],"wp:attachment":[{"href":"https:\/\/svaneklinikken.dk\/index.php\/wp-json\/wp\/v2\/media?parent=4"}],"curies":[{"name":"wp","href":"https:\/\/api.w.org\/{rel}","templated":true}]}}