{"id":307,"date":"2014-03-18T13:48:26","date_gmt":"2014-03-18T13:48:26","guid":{"rendered":"http:\/\/test.svaneklinikken.dk\/?page_id=307"},"modified":"2021-10-15T06:59:38","modified_gmt":"2021-10-15T06:59:38","slug":"dr1-kontant-tandlaegepriser","status":"publish","type":"page","link":"https:\/\/svaneklinikken.dk\/index.php\/dr1-kontant-tandlaegepriser\/","title":{"rendered":"DR1 Kontant: Svaneklinikken&#8217;s priser er under gennemsnittet"},"content":{"rendered":"<p>DR1 Kontant har udarbejdet en oversigt over Tandl\u00e6gepriserne i Danmark, hvor man kan tjekke prisen hos sin egen tandl\u00e6ge sammenlignet med andre tandl\u00e6ger.<br \/>\nDenne oversigt viser, at Svaneklinikken ligger under prisgennemsnittet.<\/p>\n<p>Se en komplet liste over <a title=\"Svaneklinikken - Tandl\u00e6gepriser\" href=\"http:\/\/test.svaneklinikken.dk\/priser\">vores priser.<\/a><\/p>\n<p><a href=\"http:\/\/test.svaneklinikken.dk\/wp-content\/uploads\/Svaneklinikken.jpg\"><img loading=\"lazy\" class=\" wp-image-309 alignnone\" src=\"http:\/\/test.svaneklinikken.dk\/wp-content\/uploads\/Svaneklinikken.jpg\" alt=\"Svaneklinikken\" width=\"476\" height=\"340\" srcset=\"https:\/\/svaneklinikken.dk\/wp-content\/uploads\/Svaneklinikken.jpg 476w, https:\/\/svaneklinikken.dk\/wp-content\/uploads\/Svaneklinikken-300x214.jpg 300w, https:\/\/svaneklinikken.dk\/wp-content\/uploads\/Svaneklinikken-420x300.jpg 420w\" sizes=\"(max-width: 476px) 100vw, 476px\" \/><\/a><\/p>\n<p>For at se det interaktive kort DR1 Kontant har udgivet,&nbsp;<a href=\"https:\/\/www.google.com\/fusiontables\/DataSource?snapid=S1044602eaQc\" target=\"_blank\" rel=\"noopener noreferrer\">klik her<\/a>.<\/p>\n","protected":false},"excerpt":{"rendered":"<p>DR1 Kontant har udarbejdet en oversigt over Tandl\u00e6gepriserne i Danmark, hvor man kan tjekke prisen hos sin egen tandl\u00e6ge sammenlignet med andre tandl\u00e6ger. Denne oversigt viser, at Svaneklinikken ligger under prisgennemsnittet. Se en komplet liste over vores priser. For at se det interaktive kort DR1 Kontant har udgivet,&nbsp;klik her.<\/p>\n","protected":false},"author":3,"featured_media":0,"parent":0,"menu_order":0,"comment_status":"closed","ping_status":"closed","template":"","meta":{"_mi_skip_tracking":false,"ngg_post_thumbnail":0},"_links":{"self":[{"href":"https:\/\/svaneklinikken.dk\/index.php\/wp-json\/wp\/v2\/pages\/307"}],"collection":[{"href":"https:\/\/svaneklinikken.dk\/index.php\/wp-json\/wp\/v2\/pages"}],"about":[{"href":"https:\/\/svaneklinikken.dk\/index.php\/wp-json\/wp\/v2\/types\/page"}],"author":[{"embeddable":true,"href":"https:\/\/svaneklinikken.dk\/index.php\/wp-json\/wp\/v2\/users\/3"}],"replies":[{"embeddable":true,"href":"https:\/\/svaneklinikken.dk\/index.php\/wp-json\/wp\/v2\/comments?post=307"}],"version-history":[{"count":7,"href":"https:\/\/svaneklinikken.dk\/index.php\/wp-json\/wp\/v2\/pages\/307\/revisions"}],"predecessor-version":[{"id":1060,"href":"https:\/\/svaneklinikken.dk\/index.php\/wp-json\/wp\/v2\/pages\/307\/revisions\/1060"}],"wp:attachment":[{"href":"https:\/\/svaneklinikken.dk\/index.php\/wp-json\/wp\/v2\/media?parent=307"}],"curies":[{"name":"wp","href":"https:\/\/api.w.org\/{rel}","templated":true}]}}