{"id":289,"date":"2014-01-16T11:07:14","date_gmt":"2014-01-16T11:07:14","guid":{"rendered":"http:\/\/test.svaneklinikken.dk\/?page_id=289"},"modified":"2023-01-28T21:03:27","modified_gmt":"2023-01-28T20:03:27","slug":"english-dentists-copenhagen-oesterbro","status":"publish","type":"page","link":"https:\/\/svaneklinikken.dk\/index.php\/english-dentists-copenhagen-oesterbro\/","title":{"rendered":"English speaking dentists in Copenhagen \u00d8sterbro &#8211; now also on Saturdays"},"content":{"rendered":"<p>The dental clinic is located on \u00d8sterbrogade 148, 1st floor, between Trianglen and Svanem\u00f8llen Station. It is&nbsp;easy to get here by public transport, bus no. 14 and 1a stops just outside and no. 18 just around the corner.<\/p>\n<p><strong>We are open on Saturdays<\/strong>. It is possible to schedule an appointment for a&nbsp;regular check up as well as dental treatment, planned and acute &#8211; no fees applied. New patients are also welcome.<\/p>\n<p>We&nbsp;have a good team of 17 dental professionals, who all work towards the same goal &#8211; that you have a great experience. We are used to having international patients, so speaking English is not an issue. We&nbsp;have a lot of patients from the local embassies&nbsp;as well as the large international companies and universities.<\/p>\n<p>Our professional standards are very high and we do our very best to make you feel comfortable and welcome.<\/p>\n<p>You are welcome to contact the clinic by phone +45 3929 4741 or e-mail <a href=\"mailto:kontakt@svaneklinikken.dk\">kontakt@svaneklinikken.dk<\/a>. You are also welcome to drop by and we can book an appointment for you.<\/p>\n<p>Opening hours:<\/p>\n<p>Monday &#8211; Thursday: 8.00-18.00 Friday: 8.00-15.00 <strong>Saturday 9.00-15.00<\/strong><\/p>\n<h2>&nbsp;<\/h2>\n","protected":false},"excerpt":{"rendered":"<p>The dental clinic is located on \u00d8sterbrogade 148, 1st floor, between Trianglen and Svanem\u00f8llen Station. It is&nbsp;easy to get here by public transport, bus no. 14 and 1a stops just outside and no. 18 just around the corner. We are open on Saturdays. It is possible to schedule an appointment for a&nbsp;regular check up as [&hellip;]<\/p>\n","protected":false},"author":3,"featured_media":0,"parent":0,"menu_order":0,"comment_status":"closed","ping_status":"closed","template":"","meta":{"_mi_skip_tracking":false,"ngg_post_thumbnail":0},"_links":{"self":[{"href":"https:\/\/svaneklinikken.dk\/index.php\/wp-json\/wp\/v2\/pages\/289"}],"collection":[{"href":"https:\/\/svaneklinikken.dk\/index.php\/wp-json\/wp\/v2\/pages"}],"about":[{"href":"https:\/\/svaneklinikken.dk\/index.php\/wp-json\/wp\/v2\/types\/page"}],"author":[{"embeddable":true,"href":"https:\/\/svaneklinikken.dk\/index.php\/wp-json\/wp\/v2\/users\/3"}],"replies":[{"embeddable":true,"href":"https:\/\/svaneklinikken.dk\/index.php\/wp-json\/wp\/v2\/comments?post=289"}],"version-history":[{"count":8,"href":"https:\/\/svaneklinikken.dk\/index.php\/wp-json\/wp\/v2\/pages\/289\/revisions"}],"predecessor-version":[{"id":1117,"href":"https:\/\/svaneklinikken.dk\/index.php\/wp-json\/wp\/v2\/pages\/289\/revisions\/1117"}],"wp:attachment":[{"href":"https:\/\/svaneklinikken.dk\/index.php\/wp-json\/wp\/v2\/media?parent=289"}],"curies":[{"name":"wp","href":"https:\/\/api.w.org\/{rel}","templated":true}]}}