{"id":20,"date":"2013-06-29T09:10:01","date_gmt":"2013-06-29T09:10:01","guid":{"rendered":"http:\/\/svaneklinikken.dk.linux11.curanetserver.dk\/?page_id=20"},"modified":"2023-06-13T22:31:45","modified_gmt":"2023-06-13T21:31:45","slug":"tandlaege-paa-oesterbro-loerdagsaabent","status":"publish","type":"page","link":"https:\/\/svaneklinikken.dk\/","title":{"rendered":"Tandl\u00e6ge p\u00e5 \u00d8sterbro \u2014 ogs\u00e5 \u00e5bent om l\u00f8rdagen"},"content":{"rendered":"<p>Tandl\u00e6geklinikken ligger i store lyse lokaler i en moderniseret lejlighed p\u00e5 \u00d8sterbro \u2013 placeret p\u00e5 \u00d8sterbrogade mellem Svanem\u00f8llen Station og Trianglen, t\u00e6t ved det store kryds Jagtvej\/Strandboulevarden.<\/p>\n<p><strong>Vi har l\u00f8rdags\u00e5bent,<\/strong> og der er ikke till\u00e6g for behandlinger om l\u00f8rdagen. Der er b\u00e5de mulighed for at f\u00e5 foretaget regelm\u00e6ssigt eftersyn og almindelig tandbehandling, samt mulighed for at henvende sig for akut behandling, af for eksempel tandpine.<\/p>\n<p>Svaneklinikken p\u00e5 \u00d8sterbrogade tilbyder <strong>15 % studierabat<\/strong> p\u00e5 alle frie ydelser til&nbsp;studerende under 30 \u00e5r. Frie ydelser er de behandlinger, som ikke er prisfastsat af sygesikringen. Husk gyldigt studiekort. Vi kan desv\u00e6rre ikke tilbyde studierabat til ortodonti og kirurgi.<\/p>\n<p>Klinikkens historie p\u00e5 \u00d8sterbro g\u00e5r langt tilbage og vi har patienter der har v\u00e6ret hos os i over 70 \u00e5r. Det er vi rigtig glade for og stolte over.<\/p>\n<h2>Tandl\u00e6ge p\u00e5 \u00d8sterbrogade med afslappet atmosf\u00e6re<\/h2>\n<p>Vi er et&nbsp;tandl\u00e6ge-team&nbsp;p\u00e5 17 personer, som har et godt samarbejde. Vi g\u00f8r en indsats for at skabe en afslappet atmosf\u00e6re og gl\u00e6der os til at byde dig velkommen i tandl\u00e6geklinikken p\u00e5 \u00d8sterbrogade. Hos os er der altid smilende personale.<\/p>\n<p>Vi holder os ajour med nye materialer og metoder igennem kurser, for at kunne&nbsp;sikre dig den bedst mulige behandling. Det er vigtigt for os at du f\u00f8ler dig tryg og velinformeret inden behandlingen. Skulle du efter behandlingen have sp\u00f8rgsm\u00e5l, er du altid velkommen til at kontakte os.<\/p>\n<p>Da <a href=\"https:\/\/svaneklinikken.dk\/index.php\/priser\/\">vores priser<\/a> ogs\u00e5 er yderst rimelige og under gennemsnittet for tandl\u00e6ger i Danmark, er vi det oplagte valg som din tandl\u00e6ge p\u00e5 \u00d8sterbro.<\/p>\n<p><img class=\"alignright\" src=\"https:\/\/svaneklinikken.dk\/wp-content\/uploads\/forside-nederst.jpg\" alt=\"Tandl\u00e6ge p\u00e5 \u00d8sterbro i K\u00f8benhavn - Svaneklinikken\" width=\"500\"><\/p>\n<h3>Du f\u00e5r den behandling, der passer til lige pr\u00e6cis dine t\u00e6nder<\/h3>\n<p>Vi tilbyder alle slags behandlinger og er fuldt digitaliserede med journal og r\u00f8ntgen. Vores&nbsp;fem klinikrum er alle udstyret med den nyeste teknologi, med fokus p\u00e5 komfort kombineret med en h\u00f8j hygiejne.<\/p>\n<p>Hos os kan du blandt andet f\u00e5 lavet <a href=\"http:\/\/svaneklinikken.dk\/index.php\/behandlinger\/forebyggende-tandpleje\">forebyggende tandpleje<\/a>, <a href=\"http:\/\/svaneklinikken.dk\/index.php\/behandlinger\/rodbehandling\">rodbehandlinger<\/a>, <a href=\"http:\/\/svaneklinikken.dk\/index.php\/behandlinger\/krone-og-brobehandling\">krone- og brobehandlinger<\/a>, <a href=\"https:\/\/svaneklinikken.dk\/index.php\/behandlinger\/implantater-proteser\/\">implantater og proteser<\/a>. Derudover fjerner vi ogs\u00e5 <a href=\"http:\/\/svaneklinikken.dk\/index.php\/behandlinger\/fjernelse-visdomstaender\">visdomst\u00e6nder<\/a>,&nbsp;udf\u00f8rer <a href=\"http:\/\/test.svaneklinikken.dk\/paradontosebehandling\">paradontosebehandlinger<\/a> og tilbyder <a href=\"http:\/\/svaneklinikken.dk\/index.php\/behandlinger\/tandblegning\">tandblegning<\/a>. Sagt p\u00e5 en anden m\u00e5de tilbyder vi lige pr\u00e6cis det, dine t\u00e6nder har brug for.<\/p>\n<h3>Ny patient&nbsp;hos klinikken p\u00e5 \u00d8sterbro?<\/h3>\n<p>Hvis du \u00f8nsker at bestille en tid eller har andre sp\u00f8rgsm\u00e5l, er du velkommen til at kontakte os p\u00e5 <a href=\"tel:39294741\">39294741<\/a>. Du kan ogs\u00e5 sende os en email p\u00e5<a href=\"mailto:kontakt@svaneklinikken.dk\"> kontakt@svaneklinikken.dk<\/a>, s\u00e5 vil vi s\u00f8rge for at vende tilbage til dig hurtigst muligt. &#8211; Vi holder ogs\u00e5 l\u00f8rdags\u00e5bent s\u00e5 har du brug for en akut tid s\u00e5 t\u00f8v ikke med at kontakte os. &#8211; Vi er blandt de billigste tandl\u00e6ger i K\u00f8benhavn.<br \/>\n&nbsp;<\/p>\n<h2>&nbsp;<\/h2>\n","protected":false},"excerpt":{"rendered":"<p>Tandl\u00e6geklinikken ligger i store lyse lokaler i en moderniseret lejlighed p\u00e5 \u00d8sterbro \u2013 placeret p\u00e5 \u00d8sterbrogade mellem Svanem\u00f8llen Station og Trianglen, t\u00e6t ved det store kryds Jagtvej\/Strandboulevarden. Vi har l\u00f8rdags\u00e5bent, og der er ikke till\u00e6g for behandlinger om l\u00f8rdagen. Der er b\u00e5de mulighed for at f\u00e5 foretaget regelm\u00e6ssigt eftersyn og almindelig tandbehandling, samt mulighed for [&hellip;]<\/p>\n","protected":false},"author":3,"featured_media":0,"parent":0,"menu_order":0,"comment_status":"closed","ping_status":"closed","template":"","meta":{"_mi_skip_tracking":false,"ngg_post_thumbnail":0},"_links":{"self":[{"href":"https:\/\/svaneklinikken.dk\/index.php\/wp-json\/wp\/v2\/pages\/20"}],"collection":[{"href":"https:\/\/svaneklinikken.dk\/index.php\/wp-json\/wp\/v2\/pages"}],"about":[{"href":"https:\/\/svaneklinikken.dk\/index.php\/wp-json\/wp\/v2\/types\/page"}],"author":[{"embeddable":true,"href":"https:\/\/svaneklinikken.dk\/index.php\/wp-json\/wp\/v2\/users\/3"}],"replies":[{"embeddable":true,"href":"https:\/\/svaneklinikken.dk\/index.php\/wp-json\/wp\/v2\/comments?post=20"}],"version-history":[{"count":45,"href":"https:\/\/svaneklinikken.dk\/index.php\/wp-json\/wp\/v2\/pages\/20\/revisions"}],"predecessor-version":[{"id":1131,"href":"https:\/\/svaneklinikken.dk\/index.php\/wp-json\/wp\/v2\/pages\/20\/revisions\/1131"}],"wp:attachment":[{"href":"https:\/\/svaneklinikken.dk\/index.php\/wp-json\/wp\/v2\/media?parent=20"}],"curies":[{"name":"wp","href":"https:\/\/api.w.org\/{rel}","templated":true}]}}