{"id":15,"date":"2013-06-29T08:40:42","date_gmt":"2013-06-29T08:40:42","guid":{"rendered":"http:\/\/svaneklinikken.dk.linux11.curanetserver.dk\/?page_id=15"},"modified":"2025-09-10T07:28:47","modified_gmt":"2025-09-10T06:28:47","slug":"tandblegning","status":"publish","type":"page","link":"https:\/\/svaneklinikken.dk\/index.php\/behandlinger\/tandblegning\/","title":{"rendered":"Blegning af t\u00e6nder"},"content":{"rendered":"<p><strong>Hvad er blegning?<\/strong><\/p>\n<p>Vi f\u00e5r alle m\u00f8rkere t\u00e6nder med alderen. Den mest almindelige \u00e5rsag er indtr\u00e6ngen af farvestoffer i emaljen fra rygning, kaffe, te og r\u00f8dvin samt andre farvende f\u00f8devarer. Ved en tandblegning lysner man misfarvningerne i t\u00e6nderne.<\/p>\n<p><strong>Hvordan foreg\u00e5r det?<\/strong><\/p>\n<p>Blegningen fortages derhjemme med skinner fremstillet til dig, som passer pr\u00e6cist til dine t\u00e6nder. Vi viser dig, hvordan du, derhjemme, l\u00e6gger lidt blegegel i skinnerne og sover med dem i 7-14 dage, efter aftale.<\/p>\n<p><strong>Hvor lyse bliver t\u00e6nderne?<\/strong><\/p>\n<p>Det er meget individuelt hvor meget t\u00e6nderne lysnes og det er vanskeligt at forudse. Typisk ser vi gode resultater hvor t\u00e6nderne bliver 1-2 toner lysere.<\/p>\n<p>Husk at, har man kroner og fyldninger, bliver de ikke bleget.<\/p>\n<p><strong>Er der bivirkninger?<\/strong><\/p>\n<p>Det er meget individuelt. Nogle vil opleve \u00f8mt tandk\u00f8d eller isninger i t\u00e6nderne, andre vil ingen gener have. Oplever man bivirkninger vil de forsvinde helt i l\u00f8bet af et par dage efter endt behandling.<\/p>\n<p>Ingen unders\u00f8gelser har kunnet p\u00e5vise, at blegning p\u00e5virker t\u00e6nderne s\u00e5 emalje og dentin skulle blive svagere eller mere udsat for huller.<\/p>\n<h4>L\u00e6s Svaneklinikkens anmeldelser p\u00e5 Google<\/h4>\n<div>Svaneklinikken har 5 ud af 5 stjerner baseret p\u00e5 20 <a href=\"https:\/\/www.google.dk\/search?q=svaneklinikken&amp;oq=svaneklinikken&amp;aqs=chrome..69i57j69i60l4j0.2975j0j7&amp;sourceid=chrome&amp;ie=UTF-8#q=svaneklinikken&amp;rflfq=1&amp;rlha=0&amp;rllag=55739893,12540144,4239&amp;tbm=lcl&amp;rldimm=8382455188324806306&amp;tbs=lrf:!2m1!1e2!2m1!1e3!3sEAE,lf:1,lf_ui:2&amp;lrd=0x465252f1474e45f7:0x74547694e5baeea2,1,\">anmeldelser<\/a>.<\/div>\n","protected":false},"excerpt":{"rendered":"<p>Hvad er blegning? Vi f\u00e5r alle m\u00f8rkere t\u00e6nder med alderen. Den mest almindelige \u00e5rsag er indtr\u00e6ngen af farvestoffer i emaljen fra rygning, kaffe, te og r\u00f8dvin samt andre farvende f\u00f8devarer. Ved en tandblegning lysner man misfarvningerne i t\u00e6nderne. Hvordan foreg\u00e5r det? Blegningen fortages derhjemme med skinner fremstillet til dig, som passer pr\u00e6cist til dine t\u00e6nder. [&hellip;]<\/p>\n","protected":false},"author":3,"featured_media":0,"parent":13,"menu_order":0,"comment_status":"closed","ping_status":"closed","template":"","meta":{"_mi_skip_tracking":false,"ngg_post_thumbnail":0},"_links":{"self":[{"href":"https:\/\/svaneklinikken.dk\/index.php\/wp-json\/wp\/v2\/pages\/15"}],"collection":[{"href":"https:\/\/svaneklinikken.dk\/index.php\/wp-json\/wp\/v2\/pages"}],"about":[{"href":"https:\/\/svaneklinikken.dk\/index.php\/wp-json\/wp\/v2\/types\/page"}],"author":[{"embeddable":true,"href":"https:\/\/svaneklinikken.dk\/index.php\/wp-json\/wp\/v2\/users\/3"}],"replies":[{"embeddable":true,"href":"https:\/\/svaneklinikken.dk\/index.php\/wp-json\/wp\/v2\/comments?post=15"}],"version-history":[{"count":8,"href":"https:\/\/svaneklinikken.dk\/index.php\/wp-json\/wp\/v2\/pages\/15\/revisions"}],"predecessor-version":[{"id":1161,"href":"https:\/\/svaneklinikken.dk\/index.php\/wp-json\/wp\/v2\/pages\/15\/revisions\/1161"}],"up":[{"embeddable":true,"href":"https:\/\/svaneklinikken.dk\/index.php\/wp-json\/wp\/v2\/pages\/13"}],"wp:attachment":[{"href":"https:\/\/svaneklinikken.dk\/index.php\/wp-json\/wp\/v2\/media?parent=15"}],"curies":[{"name":"wp","href":"https:\/\/api.w.org\/{rel}","templated":true}]}}