{"id":13,"date":"2013-06-29T08:40:30","date_gmt":"2013-06-29T08:40:30","guid":{"rendered":"http:\/\/svaneklinikken.dk.linux11.curanetserver.dk\/?page_id=13"},"modified":"2024-06-19T09:26:42","modified_gmt":"2024-06-19T08:26:42","slug":"behandlinger","status":"publish","type":"page","link":"https:\/\/svaneklinikken.dk\/index.php\/behandlinger\/","title":{"rendered":"Behandlinger"},"content":{"rendered":"<p>Vi l\u00e6gger stor v\u00e6gt p\u00e5 fyldestg\u00f8rende information omkring de mange forskellige tandbehandlingsmuligheder, som du i dag kan v\u00e6lge fra undermenuerne.<\/p>\n","protected":false},"excerpt":{"rendered":"<p>Vi l\u00e6gger stor v\u00e6gt p\u00e5 fyldestg\u00f8rende information omkring de mange forskellige tandbehandlingsmuligheder, som du i dag kan v\u00e6lge fra undermenuerne.<\/p>\n","protected":false},"author":3,"featured_media":0,"parent":0,"menu_order":0,"comment_status":"closed","ping_status":"closed","template":"","meta":{"_mi_skip_tracking":false,"ngg_post_thumbnail":0},"_links":{"self":[{"href":"https:\/\/svaneklinikken.dk\/index.php\/wp-json\/wp\/v2\/pages\/13"}],"collection":[{"href":"https:\/\/svaneklinikken.dk\/index.php\/wp-json\/wp\/v2\/pages"}],"about":[{"href":"https:\/\/svaneklinikken.dk\/index.php\/wp-json\/wp\/v2\/types\/page"}],"author":[{"embeddable":true,"href":"https:\/\/svaneklinikken.dk\/index.php\/wp-json\/wp\/v2\/users\/3"}],"replies":[{"embeddable":true,"href":"https:\/\/svaneklinikken.dk\/index.php\/wp-json\/wp\/v2\/comments?post=13"}],"version-history":[{"count":8,"href":"https:\/\/svaneklinikken.dk\/index.php\/wp-json\/wp\/v2\/pages\/13\/revisions"}],"predecessor-version":[{"id":1147,"href":"https:\/\/svaneklinikken.dk\/index.php\/wp-json\/wp\/v2\/pages\/13\/revisions\/1147"}],"wp:attachment":[{"href":"https:\/\/svaneklinikken.dk\/index.php\/wp-json\/wp\/v2\/media?parent=13"}],"curies":[{"name":"wp","href":"https:\/\/api.w.org\/{rel}","templated":true}]}}