{"id":11,"date":"2013-06-29T08:40:09","date_gmt":"2013-06-29T08:40:09","guid":{"rendered":"http:\/\/svaneklinikken.dk.linux11.curanetserver.dk\/?page_id=11"},"modified":"2023-01-28T20:46:50","modified_gmt":"2023-01-28T19:46:50","slug":"akut","status":"publish","type":"page","link":"https:\/\/svaneklinikken.dk\/index.php\/akut\/","title":{"rendered":"Akut Tandl\u00e6ge \u00d8sterbro"},"content":{"rendered":"<div class=\"su-row\">\n<div class=\"su-column su-column-size-2-3\"><div class=\"su-column-inner su-u-clearfix su-u-trim\">Hvis du har tandpine eller behov for anden akut tandl\u00e6gebehandling,&nbsp;kontakt&nbsp;os da gerne s\u00e5 tidligt p\u00e5 dagen som muligt&nbsp;&#8211; s\u00e5 finder vi en tid til dig. Du kan ringe p\u00e5 <a href=\"tel:+4539294741\">39294741<\/a> eller skrive til os p\u00e5 mail eller via kontaktformularen. Hvis du&nbsp;skriver til os, vender vi tilbage hurtigst muligt.<\/p>\n<h3>Husk at Tandl\u00e6gerne Svaneklinikken nu holder \u00e5bent om l\u00f8rdagen.<\/h3>\n<h4>L\u00e6s Svaneklinikkens anmeldelser p\u00e5 Google<\/h4>\n<div>Svaneklinikken har 4,8 ud af 5 stjerner baseret p\u00e5 31&nbsp;<a href=\"https:\/\/www.google.dk\/search?q=svaneklinikken&amp;oq=svaneklinikken&amp;aqs=chrome..69i57j69i60l4j0.2975j0j7&amp;sourceid=chrome&amp;ie=UTF-8#q=svaneklinikken&amp;rflfq=1&amp;rlha=0&amp;rllag=55739893,12540144,4239&amp;tbm=lcl&amp;rldimm=8382455188324806306&amp;tbs=lrf:!2m1!1e2!2m1!1e3!3sEAE,lf:1,lf_ui:2&amp;lrd=0x465252f1474e45f7:0x74547694e5baeea2,1,\">anmeldelser<\/a>.<\/div>\n<p><strong>Ved uops\u00e6ttelige behandlinger udenfor \u00e5bningstiden henvises til:<\/strong><\/p>\n<p><strong>Tandl\u00e6gevagten<\/strong><br \/>\nOslo Plads 14<br \/>\n2100 K\u00f8benhavn \u00d8<br \/>\ntlf: 3538 0251<br \/>\nHverdage: 20.00 &#8211; 21.30<br \/>\nL\u00f8rdag, S\u00f8n- og Helligdage: 10.00 &#8211; 12.00 og 20.00 &#8211; 21.30<\/p>\n<p>Se mere p\u00e5 <a href=\"http:\/\/tandvagt.dk\">Tandvagt.dk<br \/>\n<\/a>Husk sygesikringsbevis og kontantbetaling <\/div><\/div>\n<div class=\"su-column su-column-size-1-3\"><div class=\"su-column-inner su-u-clearfix su-u-trim\"> <\/div><\/div>\n<\/div>\n","protected":false},"excerpt":{"rendered":"","protected":false},"author":3,"featured_media":0,"parent":0,"menu_order":0,"comment_status":"closed","ping_status":"closed","template":"","meta":{"_mi_skip_tracking":false,"ngg_post_thumbnail":0},"_links":{"self":[{"href":"https:\/\/svaneklinikken.dk\/index.php\/wp-json\/wp\/v2\/pages\/11"}],"collection":[{"href":"https:\/\/svaneklinikken.dk\/index.php\/wp-json\/wp\/v2\/pages"}],"about":[{"href":"https:\/\/svaneklinikken.dk\/index.php\/wp-json\/wp\/v2\/types\/page"}],"author":[{"embeddable":true,"href":"https:\/\/svaneklinikken.dk\/index.php\/wp-json\/wp\/v2\/users\/3"}],"replies":[{"embeddable":true,"href":"https:\/\/svaneklinikken.dk\/index.php\/wp-json\/wp\/v2\/comments?post=11"}],"version-history":[{"count":7,"href":"https:\/\/svaneklinikken.dk\/index.php\/wp-json\/wp\/v2\/pages\/11\/revisions"}],"predecessor-version":[{"id":1113,"href":"https:\/\/svaneklinikken.dk\/index.php\/wp-json\/wp\/v2\/pages\/11\/revisions\/1113"}],"wp:attachment":[{"href":"https:\/\/svaneklinikken.dk\/index.php\/wp-json\/wp\/v2\/media?parent=11"}],"curies":[{"name":"wp","href":"https:\/\/api.w.org\/{rel}","templated":true}]}}